{"id":389,"date":"2025-11-02T18:03:35","date_gmt":"2025-11-02T18:03:35","guid":{"rendered":"https:\/\/ssdnz.hr\/?page_id=389"},"modified":"2026-02-24T13:54:28","modified_gmt":"2026-02-24T13:54:28","slug":"dokumenti","status":"publish","type":"page","link":"https:\/\/ssdnz.hr\/?page_id=389","title":{"rendered":"Dokumenti"},"content":{"rendered":"\n<p><strong>OP\u0106I DOKUMENTI<\/strong><\/p>\n\n\n\n<div data-wp-interactive=\"core\/file\" class=\"wp-block-file\"><object data-wp-bind--hidden=\"!state.hasPdfPreview\" hidden class=\"wp-block-file__embed\" data=\"https:\/\/ssdnz.hr\/wp-content\/uploads\/2026\/02\/Statut-Saveza.pdf\" type=\"application\/pdf\" style=\"width:100%;height:600px\" aria-label=\"Ugra\u0111eno Statut Saveza.\"><\/object><a id=\"wp-block-file--media-4d135831-69cb-4258-8961-9050e5b9cf8e\" href=\"https:\/\/ssdnz.hr\/wp-content\/uploads\/2026\/02\/Statut-Saveza.pdf\">Statut Saveza<\/a><a href=\"https:\/\/ssdnz.hr\/wp-content\/uploads\/2026\/02\/Statut-Saveza.pdf\" class=\"wp-block-file__button wp-element-button\" download aria-describedby=\"wp-block-file--media-4d135831-69cb-4258-8961-9050e5b9cf8e\">Preuzmi<\/a><\/div>\n\n\n\n<p><strong>FINANCIJSKI DOKUMENTI<\/strong><\/p>\n\n\n\n<div data-wp-interactive=\"core\/file\" class=\"wp-block-file\"><object data-wp-bind--hidden=\"!state.hasPdfPreview\" hidden class=\"wp-block-file__embed\" data=\"https:\/\/ssdnz.hr\/wp-content\/uploads\/2026\/02\/Financijski-izvjestaj-Saveza-za-2025.-godinu.pdf\" type=\"application\/pdf\" style=\"width:100%;height:600px\" aria-label=\"Ugra\u0111eno Financijski izvje\u0161taj Saveza za 2025. godinu.\"><\/object><a id=\"wp-block-file--media-f0d3026c-35a0-47c2-8bc2-d369e200b422\" href=\"https:\/\/ssdnz.hr\/wp-content\/uploads\/2026\/02\/Financijski-izvjestaj-Saveza-za-2025.-godinu.pdf\">Financijski izvje\u0161taj Saveza za 2025. godinu<\/a><a href=\"https:\/\/ssdnz.hr\/wp-content\/uploads\/2026\/02\/Financijski-izvjestaj-Saveza-za-2025.-godinu.pdf\" class=\"wp-block-file__button wp-element-button\" download aria-describedby=\"wp-block-file--media-f0d3026c-35a0-47c2-8bc2-d369e200b422\">Preuzmi<\/a><\/div>\n\n\n\n<div data-wp-interactive=\"core\/file\" class=\"wp-block-file\"><object data-wp-bind--hidden=\"!state.hasPdfPreview\" hidden class=\"wp-block-file__embed\" data=\"https:\/\/ssdnz.hr\/wp-content\/uploads\/2026\/02\/Financijski-plan-Saveza-za-2026.-godinu.pdf\" type=\"application\/pdf\" style=\"width:100%;height:600px\" aria-label=\"Ugra\u0111eno Financijski plan Saveza za 2026. godinu.\"><\/object><a id=\"wp-block-file--media-98ad41d7-4def-421c-af52-00a61c9f6519\" href=\"https:\/\/ssdnz.hr\/wp-content\/uploads\/2026\/02\/Financijski-plan-Saveza-za-2026.-godinu.pdf\">Financijski plan Saveza za 2026. godinu<\/a><a href=\"https:\/\/ssdnz.hr\/wp-content\/uploads\/2026\/02\/Financijski-plan-Saveza-za-2026.-godinu.pdf\" class=\"wp-block-file__button wp-element-button\" download aria-describedby=\"wp-block-file--media-98ad41d7-4def-421c-af52-00a61c9f6519\">Preuzmi<\/a><\/div>\n\n\n\n<p><strong>PLAN RADA<\/strong><\/p>\n\n\n\n<div data-wp-interactive=\"core\/file\" class=\"wp-block-file\"><object data-wp-bind--hidden=\"!state.hasPdfPreview\" hidden class=\"wp-block-file__embed\" data=\"https:\/\/ssdnz.hr\/wp-content\/uploads\/2026\/02\/Izvjestaj-o-radu-Saveza-za-2025.-godinu.pdf\" type=\"application\/pdf\" style=\"width:100%;height:600px\" aria-label=\"Ugra\u0111eno Izvje\u0161taj o radu Saveza za 2025. godinu.\"><\/object><a id=\"wp-block-file--media-836a0a19-8ba4-4109-8470-82e252ae9c01\" href=\"https:\/\/ssdnz.hr\/wp-content\/uploads\/2026\/02\/Izvjestaj-o-radu-Saveza-za-2025.-godinu.pdf\">Izvje\u0161taj o radu Saveza za 2025. godinu<\/a><a href=\"https:\/\/ssdnz.hr\/wp-content\/uploads\/2026\/02\/Izvjestaj-o-radu-Saveza-za-2025.-godinu.pdf\" class=\"wp-block-file__button wp-element-button\" download aria-describedby=\"wp-block-file--media-836a0a19-8ba4-4109-8470-82e252ae9c01\">Preuzmi<\/a><\/div>\n\n\n\n<div data-wp-interactive=\"core\/file\" class=\"wp-block-file\"><object data-wp-bind--hidden=\"!state.hasPdfPreview\" hidden class=\"wp-block-file__embed\" data=\"https:\/\/ssdnz.hr\/wp-content\/uploads\/2026\/02\/Program-rada-Saveza-za-2026.-godinu.pdf\" type=\"application\/pdf\" style=\"width:100%;height:600px\" aria-label=\"Ugra\u0111eno Program rada Saveza za 2026. godinu.\"><\/object><a id=\"wp-block-file--media-fba96141-6c84-447a-bae2-27e364e26419\" href=\"https:\/\/ssdnz.hr\/wp-content\/uploads\/2026\/02\/Program-rada-Saveza-za-2026.-godinu.pdf\">Program rada Saveza za 2026. godinu<\/a><a href=\"https:\/\/ssdnz.hr\/wp-content\/uploads\/2026\/02\/Program-rada-Saveza-za-2026.-godinu.pdf\" class=\"wp-block-file__button wp-element-button\" download aria-describedby=\"wp-block-file--media-fba96141-6c84-447a-bae2-27e364e26419\">Preuzmi<\/a><\/div>\n\n\n\n<p><strong>STRATEGIJA RAZVOJA \u0160AHA 2026. &#8211; 2036. <\/strong><\/p>\n\n\n\n<div data-wp-interactive=\"core\/file\" class=\"wp-block-file\"><object data-wp-bind--hidden=\"!state.hasPdfPreview\" hidden class=\"wp-block-file__embed\" data=\"https:\/\/ssdnz.hr\/wp-content\/uploads\/2026\/02\/Strategija-razvoja-saha-2026.-2036.pdf\" type=\"application\/pdf\" style=\"width:100%;height:600px\" aria-label=\"Ugra\u0111eno Strategija razvoja \u0161aha 2026. - 2036..\"><\/object><a id=\"wp-block-file--media-94ac0581-2eae-4f7a-ab5b-30c33ea20480\" href=\"https:\/\/ssdnz.hr\/wp-content\/uploads\/2026\/02\/Strategija-razvoja-saha-2026.-2036.pdf\">Strategija razvoja \u0161aha 2026. &#8211; 2036.<\/a><a href=\"https:\/\/ssdnz.hr\/wp-content\/uploads\/2026\/02\/Strategija-razvoja-saha-2026.-2036.pdf\" class=\"wp-block-file__button wp-element-button\" download aria-describedby=\"wp-block-file--media-94ac0581-2eae-4f7a-ab5b-30c33ea20480\">Preuzmi<\/a><\/div>\n\n\n\n<div data-wp-interactive=\"core\/file\" class=\"wp-block-file\"><object data-wp-bind--hidden=\"!state.hasPdfPreview\" hidden class=\"wp-block-file__embed\" data=\"https:\/\/ssdnz.hr\/wp-content\/uploads\/2026\/02\/Tumacenje-Analize-rada-sahovskih-klubova-u-Dubrovacko-neretvanskoj-zupaniji.pdf\" type=\"application\/pdf\" style=\"width:100%;height:600px\" aria-label=\"Ugra\u0111eno Tuma\u010denje Analize rada \u0161ahovskih klubova u Dubrova\u010dko-neretvanskoj \u017eupaniji.\"><\/object><a id=\"wp-block-file--media-02355d25-2ee1-4c4e-97a4-875f8558ae03\" href=\"https:\/\/ssdnz.hr\/wp-content\/uploads\/2026\/02\/Tumacenje-Analize-rada-sahovskih-klubova-u-Dubrovacko-neretvanskoj-zupaniji.pdf\">Tuma\u010denje Analize rada \u0161ahovskih klubova u Dubrova\u010dko-neretvanskoj \u017eupaniji<\/a><a href=\"https:\/\/ssdnz.hr\/wp-content\/uploads\/2026\/02\/Tumacenje-Analize-rada-sahovskih-klubova-u-Dubrovacko-neretvanskoj-zupaniji.pdf\" class=\"wp-block-file__button wp-element-button\" download aria-describedby=\"wp-block-file--media-02355d25-2ee1-4c4e-97a4-875f8558ae03\">Preuzmi<\/a><\/div>\n\n\n\n<div data-wp-interactive=\"core\/file\" class=\"wp-block-file\"><object data-wp-bind--hidden=\"!state.hasPdfPreview\" hidden class=\"wp-block-file__embed\" data=\"https:\/\/ssdnz.hr\/wp-content\/uploads\/2026\/02\/Pojmovnik-pojmova-i-indeksa-Analize-rada-sahovskih-klubova-u-Dubrovacko-neretvanskoj-zupaniji-.pdf\" type=\"application\/pdf\" style=\"width:100%;height:600px\" aria-label=\"Ugra\u0111eno Pojmovnik pojmova i indeksa Analize rada \u0161ahovskih klubova u Dubrova\u010dko-neretvanskoj \u017eupaniji.\"><\/object><a id=\"wp-block-file--media-ddf20bcf-3c4d-450d-9d8c-615013dd1461\" href=\"https:\/\/ssdnz.hr\/wp-content\/uploads\/2026\/02\/Pojmovnik-pojmova-i-indeksa-Analize-rada-sahovskih-klubova-u-Dubrovacko-neretvanskoj-zupaniji-.pdf\">Pojmovnik pojmova i indeksa Analize rada \u0161ahovskih klubova u Dubrova\u010dko-neretvanskoj \u017eupaniji<\/a><a href=\"https:\/\/ssdnz.hr\/wp-content\/uploads\/2026\/02\/Pojmovnik-pojmova-i-indeksa-Analize-rada-sahovskih-klubova-u-Dubrovacko-neretvanskoj-zupaniji-.pdf\" class=\"wp-block-file__button wp-element-button\" download aria-describedby=\"wp-block-file--media-ddf20bcf-3c4d-450d-9d8c-615013dd1461\">Preuzmi<\/a><\/div>\n\n\n\n<div class=\"wp-block-file\"><a id=\"wp-block-file--media-2d72a86c-51a5-4338-9484-0952aadde41d\" href=\"https:\/\/ssdnz.hr\/wp-content\/uploads\/2026\/02\/ANALIZA-KLUBOVA.xlsx\">ANALIZA KLUBOVA<\/a><a href=\"https:\/\/ssdnz.hr\/wp-content\/uploads\/2026\/02\/ANALIZA-KLUBOVA.xlsx\" class=\"wp-block-file__button wp-element-button\" download aria-describedby=\"wp-block-file--media-2d72a86c-51a5-4338-9484-0952aadde41d\">Preuzmi<\/a><\/div>\n","protected":false},"excerpt":{"rendered":"<p>OP\u0106I DOKUMENTI FINANCIJSKI DOKUMENTI PLAN RADA STRATEGIJA RAZVOJA \u0160AHA 2026. &#8211; 2036.<\/p>\n","protected":false},"author":1,"featured_media":659,"parent":0,"menu_order":0,"comment_status":"closed","ping_status":"closed","template":"","meta":{"_EventAllDay":false,"_EventTimezone":"","_EventStartDate":"","_EventEndDate":"","_EventStartDateUTC":"","_EventEndDateUTC":"","_EventShowMap":false,"_EventShowMapLink":false,"_EventURL":"","_EventCost":"","_EventCostDescription":"","_EventCurrencySymbol":"","_EventCurrencyCode":"","_EventCurrencyPosition":"","_EventDateTimeSeparator":"","_EventTimeRangeSeparator":"","_EventOrganizerID":[],"_EventVenueID":[],"_OrganizerEmail":"","_OrganizerPhone":"","_OrganizerWebsite":"","_VenueAddress":"","_VenueCity":"","_VenueCountry":"","_VenueProvince":"","_VenueState":"","_VenueZip":"","_VenuePhone":"","_VenueURL":"","_VenueStateProvince":"","_VenueLat":"","_VenueLng":"","_VenueShowMap":false,"_VenueShowMapLink":false,"footnotes":""},"class_list":["post-389","page","type-page","status-publish","has-post-thumbnail","hentry"],"_links":{"self":[{"href":"https:\/\/ssdnz.hr\/index.php?rest_route=\/wp\/v2\/pages\/389","targetHints":{"allow":["GET"]}}],"collection":[{"href":"https:\/\/ssdnz.hr\/index.php?rest_route=\/wp\/v2\/pages"}],"about":[{"href":"https:\/\/ssdnz.hr\/index.php?rest_route=\/wp\/v2\/types\/page"}],"author":[{"embeddable":true,"href":"https:\/\/ssdnz.hr\/index.php?rest_route=\/wp\/v2\/users\/1"}],"replies":[{"embeddable":true,"href":"https:\/\/ssdnz.hr\/index.php?rest_route=%2Fwp%2Fv2%2Fcomments&post=389"}],"version-history":[{"count":5,"href":"https:\/\/ssdnz.hr\/index.php?rest_route=\/wp\/v2\/pages\/389\/revisions"}],"predecessor-version":[{"id":554,"href":"https:\/\/ssdnz.hr\/index.php?rest_route=\/wp\/v2\/pages\/389\/revisions\/554"}],"wp:featuredmedia":[{"embeddable":true,"href":"https:\/\/ssdnz.hr\/index.php?rest_route=\/wp\/v2\/media\/659"}],"wp:attachment":[{"href":"https:\/\/ssdnz.hr\/index.php?rest_route=%2Fwp%2Fv2%2Fmedia&parent=389"}],"curies":[{"name":"wp","href":"https:\/\/api.w.org\/{rel}","templated":true}]}}